{"id":10112,"date":"2022-10-31T19:04:54","date_gmt":"2022-10-31T18:04:54","guid":{"rendered":"https:\/\/affirma.fr\/informativa-sulla-privacy\/"},"modified":"2024-06-21T14:07:29","modified_gmt":"2024-06-21T13:07:29","slug":"informativa-sulla-privacy","status":"publish","type":"page","link":"https:\/\/affirma.fr\/it\/informativa-sulla-privacy\/","title":{"rendered":"Informativa sulla privacy"},"content":{"rendered":"\t\t<div data-elementor-type=\"wp-page\" data-elementor-id=\"10112\" class=\"elementor elementor-10112 elementor-5691\" data-elementor-post-type=\"page\">\n\t\t\t\t\t\t<section class=\"elementor-section elementor-top-section elementor-element elementor-element-6e4284c4 elementor-section-boxed elementor-section-height-default elementor-section-height-default\" data-id=\"6e4284c4\" data-element_type=\"section\">\n\t\t\t\t\t\t<div class=\"elementor-container elementor-column-gap-default\">\n\t\t\t\t\t<div class=\"elementor-column elementor-col-100 elementor-top-column elementor-element elementor-element-7f6413bf\" data-id=\"7f6413bf\" data-element_type=\"column\">\n\t\t\t<div class=\"elementor-widget-wrap elementor-element-populated\">\n\t\t\t\t\t\t<div class=\"elementor-element elementor-element-a515249 elementor-widget elementor-widget-page-title\" data-id=\"a515249\" data-element_type=\"widget\" data-widget_type=\"page-title.default\">\n\t\t\t\t<div class=\"elementor-widget-container\">\n\t\t\t\t\t\n\t\t<div class=\"hfe-page-title hfe-page-title-wrapper elementor-widget-heading\">\n\n\t\t\t\t\t\t\t\t\t\t\t<a href=\"https:\/\/affirma.fr\/it\/\">\n\t\t\t\t\t\t<h2 class=\"elementor-heading-title elementor-size-default\">\n\t\t\t\t\t\t\t\t\n\t\t\t\tInformativa sulla privacy  \n\t\t\t<\/h2 > \n\t\t\t\t\t\t\t\t\t<\/a>\n\t\t\t\t\t<\/div>\n\t\t\t\t<\/div>\n\t\t\t\t<\/div>\n\t\t\t\t<div class=\"elementor-element elementor-element-3f18986a elementor-widget elementor-widget-text-editor\" data-id=\"3f18986a\" data-element_type=\"widget\" data-widget_type=\"text-editor.default\">\n\t\t\t\t<div class=\"elementor-widget-container\">\n\t\t\t<style>\/*! elementor - v3.23.0 - 15-07-2024 *\/\n.elementor-widget-text-editor.elementor-drop-cap-view-stacked .elementor-drop-cap{background-color:#69727d;color:#fff}.elementor-widget-text-editor.elementor-drop-cap-view-framed .elementor-drop-cap{color:#69727d;border:3px solid;background-color:transparent}.elementor-widget-text-editor:not(.elementor-drop-cap-view-default) .elementor-drop-cap{margin-top:8px}.elementor-widget-text-editor:not(.elementor-drop-cap-view-default) .elementor-drop-cap-letter{width:1em;height:1em}.elementor-widget-text-editor .elementor-drop-cap{float:left;text-align:center;line-height:1;font-size:50px}.elementor-widget-text-editor .elementor-drop-cap-letter{display:inline-block}<\/style>\t\t\t\t<\/p>\n<p><span style=\"font-size: inherit;\">La presente Informativa sulla privacy descrive le modalit\u00e0 di raccolta, utilizzo e condivisione dei dati personali dell&#8217;utente quando visita o effettua un acquisto su www.affirma.fr (il &#8220;Sito&#8221;).<\/span><\/p>\n<\/p>\n<h2>INFORMAZIONI PERSONALI RACCOLTE<\/h2>\n<\/p>\n<p>Quando visitate il Sito, raccogliamo automaticamente alcune informazioni sul vostro dispositivo, tra cui quelle relative al vostro browser web, al vostro indirizzo IP, al vostro fuso orario e ad alcuni dei cookie installati sul vostro dispositivo. Inoltre, quando l&#8217;utente naviga sul Sito, raccogliamo informazioni sulle singole pagine web o sui prodotti visitati, sui siti web o sui termini di ricerca che lo hanno portato al Sito e sulle modalit\u00e0 di interazione con il Sito. Ci riferiamo a queste informazioni raccolte automaticamente come &#8220;Informazioni sul dispositivo&#8221;.<\/p>\n<\/p>\n<p>Raccogliamo le Informazioni sul dispositivo utilizzando le seguenti tecnologie:<\/p>\n<\/p>\n<h2>COCCOLE<\/h2>\n<\/p>\n<p>Ecco un elenco dei cookie che utilizziamo. Le abbiamo elencate qui in modo che possiate scegliere se autorizzarle o meno.<\/p>\n<\/p>\n<\/p>\n<ul>\n<li>I &#8220;file di log&#8221; tracciano l&#8217;attivit\u00e0 sul Sito e raccolgono dati quali l&#8217;indirizzo IP dell&#8217;utente, il tipo di browser utilizzato, il provider di servizi Internet, le pagine di riferimento e di uscita e i dati di timestamp (data e ora).\n<ul>\n<li>I &#8220;Web beacon&#8221;, i &#8220;tag&#8221; e i &#8220;pixel&#8221; sono file elettronici che registrano informazioni sul modo in cui l&#8217;utente naviga sul Sito.<\/li>\n<\/ul>\n<\/li>\n<\/ul>\n<\/p>\n<\/p>\n<p>Quando utilizziamo il termine &#8220;Informazioni personali&#8221; nella presente Informativa sulla privacy, ci riferiamo sia alle Informazioni sul dispositivo che alle Informazioni sull&#8217;ordine.<\/p>\n<\/p>\n<h2>COME UTILIZZIAMO I VOSTRI DATI PERSONALI?<\/h2>\n<\/p>\n<p>In generale, utilizziamo le Informazioni sull&#8217;ordine raccolte per elaborare qualsiasi ordine effettuato tramite il Sito (compresa l&#8217;elaborazione delle informazioni di pagamento, l&#8217;organizzazione della spedizione dell&#8217;ordine e la fornitura di fatture e\/o conferme d&#8217;ordine). Inoltre, utilizziamo queste informazioni sull&#8217;ordine per:<br \/>contattarti ;<br \/>valutare potenziali frodi o rischi; e<br \/>se corrisponde alle preferenze che ci avete comunicato, per fornirvi informazioni o pubblicit\u00e0 sui nostri prodotti o servizi.<\/p>\n<p>Utilizziamo le Informazioni sul dispositivo (in particolare l&#8217;indirizzo IP dell&#8217;utente) che raccogliamo per valutare potenziali frodi o rischi e, pi\u00f9 in generale, per migliorare e ottimizzare il nostro Sito (ad esempio, generando analisi su come i nostri clienti navigano e interagiscono con il Sito e per valutare il successo delle nostre campagne pubblicitarie e di marketing).<\/p>\n<\/p>\n<p>Condividiamo i vostri dati personali con terze parti che ci aiutano a utilizzarli per gli scopi sopra descritti. Ad esempio, utilizziamo Shopify per ospitare il nostro negozio online &#8211; per saperne di pi\u00f9 su come Shopify utilizza i vostri dati personali, visitate https:\/\/www.shopify.fr\/legal\/confidentialite. Utilizziamo anche Google Analytics per capire meglio come i nostri clienti utilizzano il Sito &#8211; per saperne di pi\u00f9 su come Google utilizza i vostri dati personali, visitate: https:\/\/www.google.com\/intl\/fr\/policies\/privacy\/. Potete anche disabilitare Google Analytics qui: https:\/\/tools.google.com\/dlpage\/gaoptout.<\/p>\n<\/p>\n<p>Infine, possiamo anche condividere le informazioni personali dell&#8217;utente per rispettare le leggi e le normative vigenti, per rispondere a una citazione in giudizio, a un mandato di perquisizione o a un&#8217;altra richiesta legittima di informazioni che riceviamo o per proteggere i nostri diritti.<\/p>\n<h2>PUBBLICIT\u00c0 COMPORTAMENTALE<\/h2>\n<p>Come indicato in precedenza, utilizziamo i vostri dati personali per fornirvi pubblicit\u00e0 mirata o messaggi di marketing che riteniamo possano essere di vostro interesse. Per saperne di pi\u00f9 sul funzionamento della pubblicit\u00e0 mirata, \u00e8 possibile consultare la pagina informativa della Network Advertising Initiative (NAI) al seguente indirizzo: http:\/\/www.networkadvertising.org\/understanding-online-advertising\/how-does-it-work.<\/p>\n<\/p>\n<\/p>\n<p>NON SEGUIRE<br \/>Si noti che non modifichiamo le pratiche di raccolta e utilizzo dei dati del nostro sito quando rileviamo un segnale &#8220;Do Not Track&#8221; sul vostro browser.<\/p>\n<\/p>\n<\/p>\n<h2>I TUOI DIRITTI<\/h2>\n<p>Se siete residenti in Europa, avete il diritto di accedere alle informazioni personali in nostro possesso e potete richiederne la correzione, l&#8217;aggiornamento o la cancellazione. Se si desidera esercitare questo diritto, si prega di contattarci utilizzando i dettagli riportati di seguito.<br \/>Inoltre, se siete residenti in Europa, vi preghiamo di notare che trattiamo le vostre informazioni per adempiere ai nostri obblighi contrattuali nei vostri confronti (ad esempio se effettuate un ordine sul Sito) o per perseguire i nostri legittimi interessi commerciali, elencati sopra. Si noti inoltre che i vostri dati saranno trasferiti al di fuori dell&#8217;Europa, anche in Canada e negli Stati Uniti.<\/p>\n<\/p>\n<h2>CONSERVAZIONE DEI DATI<\/h2>\n<p>Quando l&#8217;utente effettua un ordine tramite il Sito, le informazioni relative all&#8217;ordine saranno conservate in archivio a meno che e fino a quando l&#8217;utente non ne chieda la cancellazione.<\/p>\n<\/p>\n<h2>CAMBIAMENTI<\/h2>\n<p>Possiamo modificare la presente Informativa sulla privacy di tanto in tanto per riflettere, ad esempio, cambiamenti nelle nostre pratiche o per altre ragioni operative, legali o normative.<\/p>\n<h2>CONTATTO<\/h2>\n<p>Per saperne di pi\u00f9 sulle nostre pratiche di riservatezza, se avete domande o se desiderate presentare un reclamo, contattateci via e-mail all&#8217;indirizzo hello@mauddebs.com, o per posta al seguente indirizzo:<\/p>\n<\/p>\n<p>12, rue de Choiseul &#8211; 75002 PARIGI<\/p><\/p>\n\t\t\t\t\t\t<\/div>\n\t\t\t\t<\/div>\n\t\t\t\t\t<\/div>\n\t\t<\/div>\n\t\t\t\t\t<\/div>\n\t\t<\/section>\n\t\t\t\t<\/div>\n\t\t","protected":false},"excerpt":{"rendered":"<p>La presente Informativa sulla privacy descrive le modalit\u00e0 di raccolta, utilizzo e condivisione dei dati personali dell&#8217;utente quando visita o effettua un acquisto su www.affirma.fr (il &#8220;Sito&#8221;). INFORMAZIONI PERSONALI RACCOLTE Quando visitate il Sito, raccogliamo automaticamente alcune informazioni sul vostro dispositivo, tra cui quelle relative al vostro browser web, al vostro indirizzo IP, al vostro<\/p>\n","protected":false},"author":3,"featured_media":0,"parent":0,"menu_order":0,"comment_status":"closed","ping_status":"closed","template":"","meta":{"footnotes":""},"class_list":["post-10112","page","type-page","status-publish","hentry"],"yoast_head":"<!-- This site is optimized with the Yoast SEO plugin v23.0 - https:\/\/yoast.com\/wordpress\/plugins\/seo\/ -->\n<title>Informativa sulla privacy - AFFIRMA<\/title>\n<meta name=\"robots\" content=\"index, follow, max-snippet:-1, max-image-preview:large, max-video-preview:-1\" \/>\n<link rel=\"canonical\" href=\"https:\/\/affirma.fr\/it\/informativa-sulla-privacy\/\" \/>\n<meta property=\"og:locale\" content=\"it_IT\" \/>\n<meta property=\"og:type\" content=\"article\" \/>\n<meta property=\"og:title\" content=\"Informativa sulla privacy - AFFIRMA\" \/>\n<meta property=\"og:description\" content=\"La presente Informativa sulla privacy descrive le modalit\u00e0 di raccolta, utilizzo e condivisione dei dati personali dell&#8217;utente quando visita o effettua un acquisto su www.affirma.fr (il &#8220;Sito&#8221;). INFORMAZIONI PERSONALI RACCOLTE Quando visitate il Sito, raccogliamo automaticamente alcune informazioni sul vostro dispositivo, tra cui quelle relative al vostro browser web, al vostro indirizzo IP, al vostro\" \/>\n<meta property=\"og:url\" content=\"https:\/\/affirma.fr\/it\/informativa-sulla-privacy\/\" \/>\n<meta property=\"og:site_name\" content=\"AFFIRMA\" \/>\n<meta property=\"article:modified_time\" content=\"2024-06-21T13:07:29+00:00\" \/>\n<meta name=\"twitter:card\" content=\"summary_large_image\" \/>\n<meta name=\"twitter:label1\" content=\"Tempo di lettura stimato\" \/>\n\t<meta name=\"twitter:data1\" content=\"4 minuti\" \/>\n<script type=\"application\/ld+json\" class=\"yoast-schema-graph\">{\"@context\":\"https:\/\/schema.org\",\"@graph\":[{\"@type\":\"WebPage\",\"@id\":\"https:\/\/affirma.fr\/it\/informativa-sulla-privacy\/\",\"url\":\"https:\/\/affirma.fr\/it\/informativa-sulla-privacy\/\",\"name\":\"Informativa sulla privacy - AFFIRMA\",\"isPartOf\":{\"@id\":\"https:\/\/affirma.fr\/it\/#website\"},\"datePublished\":\"2022-10-31T18:04:54+00:00\",\"dateModified\":\"2024-06-21T13:07:29+00:00\",\"breadcrumb\":{\"@id\":\"https:\/\/affirma.fr\/it\/informativa-sulla-privacy\/#breadcrumb\"},\"inLanguage\":\"it-IT\",\"potentialAction\":[{\"@type\":\"ReadAction\",\"target\":[\"https:\/\/affirma.fr\/it\/informativa-sulla-privacy\/\"]}]},{\"@type\":\"BreadcrumbList\",\"@id\":\"https:\/\/affirma.fr\/it\/informativa-sulla-privacy\/#breadcrumb\",\"itemListElement\":[{\"@type\":\"ListItem\",\"position\":1,\"name\":\"Accueil\",\"item\":\"https:\/\/affirma.fr\/it\/\"},{\"@type\":\"ListItem\",\"position\":2,\"name\":\"Informativa sulla privacy\"}]},{\"@type\":\"WebSite\",\"@id\":\"https:\/\/affirma.fr\/it\/#website\",\"url\":\"https:\/\/affirma.fr\/it\/\",\"name\":\"AFFIRMA\",\"description\":\"EXPERTISE COMPTABLE &amp; COMMISSARIAT AUX COMPTES\",\"publisher\":{\"@id\":\"https:\/\/affirma.fr\/it\/#organization\"},\"potentialAction\":[{\"@type\":\"SearchAction\",\"target\":{\"@type\":\"EntryPoint\",\"urlTemplate\":\"https:\/\/affirma.fr\/it\/?s={search_term_string}\"},\"query-input\":\"required name=search_term_string\"}],\"inLanguage\":\"it-IT\"},{\"@type\":\"Organization\",\"@id\":\"https:\/\/affirma.fr\/it\/#organization\",\"name\":\"AFFIRMA\",\"url\":\"https:\/\/affirma.fr\/it\/\",\"logo\":{\"@type\":\"ImageObject\",\"inLanguage\":\"it-IT\",\"@id\":\"https:\/\/affirma.fr\/it\/#\/schema\/logo\/image\/\",\"url\":\"https:\/\/affirma.fr\/wp-content\/uploads\/2015\/10\/cropped-AFFIRMA_logo-vectorise.png\",\"contentUrl\":\"https:\/\/affirma.fr\/wp-content\/uploads\/2015\/10\/cropped-AFFIRMA_logo-vectorise.png\",\"width\":248,\"height\":248,\"caption\":\"AFFIRMA\"},\"image\":{\"@id\":\"https:\/\/affirma.fr\/it\/#\/schema\/logo\/image\/\"},\"sameAs\":[\"https:\/\/www.linkedin.com\/company\/affirma\/\"]}]}<\/script>\n<!-- \/ Yoast SEO plugin. -->","yoast_head_json":{"title":"Informativa sulla privacy - AFFIRMA","robots":{"index":"index","follow":"follow","max-snippet":"max-snippet:-1","max-image-preview":"max-image-preview:large","max-video-preview":"max-video-preview:-1"},"canonical":"https:\/\/affirma.fr\/it\/informativa-sulla-privacy\/","og_locale":"it_IT","og_type":"article","og_title":"Informativa sulla privacy - AFFIRMA","og_description":"La presente Informativa sulla privacy descrive le modalit\u00e0 di raccolta, utilizzo e condivisione dei dati personali dell&#8217;utente quando visita o effettua un acquisto su www.affirma.fr (il &#8220;Sito&#8221;). INFORMAZIONI PERSONALI RACCOLTE Quando visitate il Sito, raccogliamo automaticamente alcune informazioni sul vostro dispositivo, tra cui quelle relative al vostro browser web, al vostro indirizzo IP, al vostro","og_url":"https:\/\/affirma.fr\/it\/informativa-sulla-privacy\/","og_site_name":"AFFIRMA","article_modified_time":"2024-06-21T13:07:29+00:00","twitter_card":"summary_large_image","twitter_misc":{"Tempo di lettura stimato":"4 minuti"},"schema":{"@context":"https:\/\/schema.org","@graph":[{"@type":"WebPage","@id":"https:\/\/affirma.fr\/it\/informativa-sulla-privacy\/","url":"https:\/\/affirma.fr\/it\/informativa-sulla-privacy\/","name":"Informativa sulla privacy - AFFIRMA","isPartOf":{"@id":"https:\/\/affirma.fr\/it\/#website"},"datePublished":"2022-10-31T18:04:54+00:00","dateModified":"2024-06-21T13:07:29+00:00","breadcrumb":{"@id":"https:\/\/affirma.fr\/it\/informativa-sulla-privacy\/#breadcrumb"},"inLanguage":"it-IT","potentialAction":[{"@type":"ReadAction","target":["https:\/\/affirma.fr\/it\/informativa-sulla-privacy\/"]}]},{"@type":"BreadcrumbList","@id":"https:\/\/affirma.fr\/it\/informativa-sulla-privacy\/#breadcrumb","itemListElement":[{"@type":"ListItem","position":1,"name":"Accueil","item":"https:\/\/affirma.fr\/it\/"},{"@type":"ListItem","position":2,"name":"Informativa sulla privacy"}]},{"@type":"WebSite","@id":"https:\/\/affirma.fr\/it\/#website","url":"https:\/\/affirma.fr\/it\/","name":"AFFIRMA","description":"EXPERTISE COMPTABLE &amp; COMMISSARIAT AUX COMPTES","publisher":{"@id":"https:\/\/affirma.fr\/it\/#organization"},"potentialAction":[{"@type":"SearchAction","target":{"@type":"EntryPoint","urlTemplate":"https:\/\/affirma.fr\/it\/?s={search_term_string}"},"query-input":"required name=search_term_string"}],"inLanguage":"it-IT"},{"@type":"Organization","@id":"https:\/\/affirma.fr\/it\/#organization","name":"AFFIRMA","url":"https:\/\/affirma.fr\/it\/","logo":{"@type":"ImageObject","inLanguage":"it-IT","@id":"https:\/\/affirma.fr\/it\/#\/schema\/logo\/image\/","url":"https:\/\/affirma.fr\/wp-content\/uploads\/2015\/10\/cropped-AFFIRMA_logo-vectorise.png","contentUrl":"https:\/\/affirma.fr\/wp-content\/uploads\/2015\/10\/cropped-AFFIRMA_logo-vectorise.png","width":248,"height":248,"caption":"AFFIRMA"},"image":{"@id":"https:\/\/affirma.fr\/it\/#\/schema\/logo\/image\/"},"sameAs":["https:\/\/www.linkedin.com\/company\/affirma\/"]}]}},"_links":{"self":[{"href":"https:\/\/affirma.fr\/it\/wp-json\/wp\/v2\/pages\/10112"}],"collection":[{"href":"https:\/\/affirma.fr\/it\/wp-json\/wp\/v2\/pages"}],"about":[{"href":"https:\/\/affirma.fr\/it\/wp-json\/wp\/v2\/types\/page"}],"author":[{"embeddable":true,"href":"https:\/\/affirma.fr\/it\/wp-json\/wp\/v2\/users\/3"}],"replies":[{"embeddable":true,"href":"https:\/\/affirma.fr\/it\/wp-json\/wp\/v2\/comments?post=10112"}],"version-history":[{"count":1,"href":"https:\/\/affirma.fr\/it\/wp-json\/wp\/v2\/pages\/10112\/revisions"}],"predecessor-version":[{"id":10113,"href":"https:\/\/affirma.fr\/it\/wp-json\/wp\/v2\/pages\/10112\/revisions\/10113"}],"wp:attachment":[{"href":"https:\/\/affirma.fr\/it\/wp-json\/wp\/v2\/media?parent=10112"}],"curies":[{"name":"wp","href":"https:\/\/api.w.org\/{rel}","templated":true}]}}