{"id":10107,"date":"2023-07-25T14:54:43","date_gmt":"2023-07-25T13:54:43","guid":{"rendered":"https:\/\/affirma.fr\/unisciti-a-noi\/"},"modified":"2024-06-21T14:07:29","modified_gmt":"2024-06-21T13:07:29","slug":"unisciti-a-noi","status":"publish","type":"page","link":"https:\/\/affirma.fr\/it\/unisciti-a-noi\/","title":{"rendered":"Unisciti a noi"},"content":{"rendered":"\t\t<div data-elementor-type=\"wp-page\" data-elementor-id=\"10107\" class=\"elementor elementor-10107 elementor-8560\" data-elementor-post-type=\"page\">\n\t\t\t\t\t\t<section class=\"elementor-section elementor-top-section elementor-element elementor-element-49ddaca elementor-section-height-min-height elementor-section-boxed elementor-section-height-default elementor-section-items-middle\" data-id=\"49ddaca\" data-element_type=\"section\" data-settings=\"{&quot;background_background&quot;:&quot;classic&quot;}\">\n\t\t\t\t\t\t<div class=\"elementor-container elementor-column-gap-default\">\n\t\t\t\t\t<div class=\"elementor-column elementor-col-100 elementor-top-column elementor-element elementor-element-16534d5\" data-id=\"16534d5\" data-element_type=\"column\">\n\t\t\t<div class=\"elementor-widget-wrap elementor-element-populated\">\n\t\t\t\t\t\t<div class=\"elementor-element elementor-element-5e3b0cc elementor-widget elementor-widget-page-title\" data-id=\"5e3b0cc\" data-element_type=\"widget\" data-widget_type=\"page-title.default\">\n\t\t\t\t<div class=\"elementor-widget-container\">\n\t\t\t\t\t\n\t\t<div class=\"hfe-page-title hfe-page-title-wrapper elementor-widget-heading\">\n\n\t\t\t\t\t\t\t\t\t\t\t<a href=\"https:\/\/affirma.fr\/it\/\">\n\t\t\t\t\t\t<h2 class=\"elementor-heading-title elementor-size-default\">\n\t\t\t\t\t\t\t\t\n\t\t\t\tUnisciti a noi  \n\t\t\t<\/h2 > \n\t\t\t\t\t\t\t\t\t<\/a>\n\t\t\t\t\t<\/div>\n\t\t\t\t<\/div>\n\t\t\t\t<\/div>\n\t\t\t\t\t<\/div>\n\t\t<\/div>\n\t\t\t\t\t<\/div>\n\t\t<\/section>\n\t\t\t\t<section class=\"elementor-section elementor-top-section elementor-element elementor-element-703639f elementor-section-boxed elementor-section-height-default elementor-section-height-default\" data-id=\"703639f\" data-element_type=\"section\">\n\t\t\t\t\t\t<div class=\"elementor-container elementor-column-gap-default\">\n\t\t\t\t\t<div class=\"elementor-column elementor-col-100 elementor-top-column elementor-element elementor-element-5dc12a9\" data-id=\"5dc12a9\" data-element_type=\"column\">\n\t\t\t<div class=\"elementor-widget-wrap elementor-element-populated\">\n\t\t\t\t\t\t<div class=\"elementor-element elementor-element-5d53574 elementor-widget elementor-widget-heading\" data-id=\"5d53574\" data-element_type=\"widget\" data-widget_type=\"heading.default\">\n\t\t\t\t<div class=\"elementor-widget-container\">\n\t\t\t<style>\/*! elementor - v3.23.0 - 15-07-2024 *\/\n.elementor-heading-title{padding:0;margin:0;line-height:1}.elementor-widget-heading .elementor-heading-title[class*=elementor-size-]>a{color:inherit;font-size:inherit;line-height:inherit}.elementor-widget-heading .elementor-heading-title.elementor-size-small{font-size:15px}.elementor-widget-heading .elementor-heading-title.elementor-size-medium{font-size:19px}.elementor-widget-heading .elementor-heading-title.elementor-size-large{font-size:29px}.elementor-widget-heading .elementor-heading-title.elementor-size-xl{font-size:39px}.elementor-widget-heading .elementor-heading-title.elementor-size-xxl{font-size:59px}<\/style><h2 class=\"elementor-heading-title elementor-size-medium\">Date un nuovo impulso alla vostra carriera entrando a far parte di Affirma.<\/h2>\t\t<\/div>\n\t\t\t\t<\/div>\n\t\t\t\t<div class=\"elementor-element elementor-element-4371b27 elementor-widget elementor-widget-heading\" data-id=\"4371b27\" data-element_type=\"widget\" data-widget_type=\"heading.default\">\n\t\t\t\t<div class=\"elementor-widget-container\">\n\t\t\t<h3 class=\"elementor-heading-title elementor-size-small\">In Affirma le competenze, la motivazione e la voglia di imparare sono pi\u00f9 importanti degli anni di esperienza.<\/h3>\t\t<\/div>\n\t\t\t\t<\/div>\n\t\t\t\t<div class=\"elementor-element elementor-element-c3f194c elementor-widget__width-initial elementor-widget elementor-widget-text-editor\" data-id=\"c3f194c\" data-element_type=\"widget\" data-widget_type=\"text-editor.default\">\n\t\t\t\t<div class=\"elementor-widget-container\">\n\t\t\t<style>\/*! elementor - v3.23.0 - 15-07-2024 *\/\n.elementor-widget-text-editor.elementor-drop-cap-view-stacked .elementor-drop-cap{background-color:#69727d;color:#fff}.elementor-widget-text-editor.elementor-drop-cap-view-framed .elementor-drop-cap{color:#69727d;border:3px solid;background-color:transparent}.elementor-widget-text-editor:not(.elementor-drop-cap-view-default) .elementor-drop-cap{margin-top:8px}.elementor-widget-text-editor:not(.elementor-drop-cap-view-default) .elementor-drop-cap-letter{width:1em;height:1em}.elementor-widget-text-editor .elementor-drop-cap{float:left;text-align:center;line-height:1;font-size:50px}.elementor-widget-text-editor .elementor-drop-cap-letter{display:inline-block}<\/style>\t\t\t\t<p class=\"sF7BEQ LvJyfQ DWOR5A\"><span style=\"font-size: inherit;\">Se sei alla ricerca di un&#8217;opportunit\u00e0, non esitare a inviare il tuo CV e ti risponderemo al pi\u00f9 presto!<\/span><\/p>\n<p class=\"sF7BEQ LvJyfQ DWOR5A\"><span class=\"WdYUQQ\">Siamo regolarmente alla ricerca di profili in ambito contabile, finanziario, amministrativo, sociale e legale.<\/span><\/p>\n<p class=\"sF7BEQ LvJyfQ DWOR5A\"><span class=\"WdYUQQ\">Giovani laureati alla ricerca di un lavoro multispecialistico<\/span> <span class=\"WdYUQQ\">o profili pi\u00f9 esperti alla ricerca di una nuova sfida, affirma sar\u00e0 in grado di offrirvi incarichi tecnici e variegati, un ambiente di lavoro piacevole e opportunit\u00e0 di sviluppo professionale!<\/span><\/p>\n<p class=\"sF7BEQ LvJyfQ DWOR5A\"><span class=\"WdYUQQ\">Sia che siate studenti in cerca di un&#8217;esperienza arricchente come stagisti, sia che vogliate mettere in pratica le vostre conoscenze come studenti con borsa di lavoro, siamo sempre lieti di accogliere menti desiderose di imparare!<\/span><\/p>\n<p class=\"sF7BEQ LvJyfQ DWOR5A\"><span class=\"WdYUQQ\">Venite a vivere un&#8217;esperienza professionale stimolante in un&#8217;azienda che punta su missioni diverse, innovazione e successo collettivo. Il nostro team appassionato vi apre le porte!<\/span><\/p>\n<p class=\"sF7BEQ LvJyfQ DWOR5A\"><span class=\"WdYUQQ\"> <\/span><\/p>\n<p class=\"sF7BEQ LvJyfQ DWOR5A\"><span style=\"color: #235c80;\"><strong><span class=\"WdYUQQ\">Alcuni vantaggi di lavorare in Affirma :<\/span><\/strong><\/span><\/p>\n<ul>\n<li><span class=\"WdYUQQ\">Missioni<\/span> <span class=\"WdYUQQ\">motivante e diversificato<\/span><\/li>\n<li class=\"sF7BEQ viTkIg LvJyfQ DWOR5A PvCABw\">Opportunit\u00e0 di sviluppo<\/li>\n<li class=\"sF7BEQ viTkIg LvJyfQ DWOR5A PvCABw\">Un team dinamico e attento<\/li>\n<li class=\"sF7BEQ viTkIg LvJyfQ DWOR5A PvCABw\">Tecnologie ad alte prestazioni per liberare tempo e concentrarsi su responsabilit\u00e0 stimolanti<\/li>\n<li>Uffici nel cuore del 2\u00b0 arrondissement<\/li>\n<\/ul>\n\t\t\t\t\t\t<\/div>\n\t\t\t\t<\/div>\n\t\t\t\t\t<\/div>\n\t\t<\/div>\n\t\t\t\t\t<\/div>\n\t\t<\/section>\n\t\t\t\t<section class=\"elementor-section elementor-top-section elementor-element elementor-element-ef2832b elementor-section-boxed elementor-section-height-default elementor-section-height-default\" data-id=\"ef2832b\" data-element_type=\"section\">\n\t\t\t\t\t\t<div class=\"elementor-container elementor-column-gap-custom\">\n\t\t\t\t\t<div class=\"elementor-column elementor-col-33 elementor-top-column elementor-element elementor-element-308908b\" data-id=\"308908b\" data-element_type=\"column\" data-settings=\"{&quot;background_background&quot;:&quot;classic&quot;}\">\n\t\t\t<div class=\"elementor-widget-wrap elementor-element-populated\">\n\t\t\t\t\t\t<div class=\"elementor-element elementor-element-98f60cb elementor-widget elementor-widget-heading\" data-id=\"98f60cb\" data-element_type=\"widget\" data-widget_type=\"heading.default\">\n\t\t\t\t<div class=\"elementor-widget-container\">\n\t\t\t<h3 class=\"elementor-heading-title elementor-size-default\">Associato, manager, consulente, analista<\/h3>\t\t<\/div>\n\t\t\t\t<\/div>\n\t\t\t\t<div class=\"elementor-element elementor-element-a3190c5 elementor-widget elementor-widget-text-editor\" data-id=\"a3190c5\" data-element_type=\"widget\" data-widget_type=\"text-editor.default\">\n\t\t\t\t<div class=\"elementor-widget-container\">\n\t\t\t\t\t\t\t<p style=\"text-align: left;\">In una delle seguenti aree:<\/p>\n<ul>\n<li>Contabilit\u00e0<\/li>\n<li>Amministrativo e sociale<\/li>\n<li>Divisione Finanza<\/li>\n<\/ul>\n\t\t\t\t\t\t<\/div>\n\t\t\t\t<\/div>\n\t\t\t\t<section class=\"elementor-section elementor-inner-section elementor-element elementor-element-ae28be2 elementor-section-boxed elementor-section-height-default elementor-section-height-default\" data-id=\"ae28be2\" data-element_type=\"section\">\n\t\t\t\t\t\t<div class=\"elementor-container elementor-column-gap-default\">\n\t\t\t\t\t<div class=\"elementor-column elementor-col-50 elementor-inner-column elementor-element elementor-element-6edde73\" data-id=\"6edde73\" data-element_type=\"column\">\n\t\t\t<div class=\"elementor-widget-wrap elementor-element-populated\">\n\t\t\t\t\t\t<div class=\"elementor-element elementor-element-5296879 elementor-icon-list--layout-traditional elementor-list-item-link-full_width elementor-widget elementor-widget-icon-list\" data-id=\"5296879\" data-element_type=\"widget\" data-widget_type=\"icon-list.default\">\n\t\t\t\t<div class=\"elementor-widget-container\">\n\t\t\t<link rel=\"stylesheet\" href=\"https:\/\/affirma.fr\/wp-content\/plugins\/elementor\/assets\/css\/widget-icon-list.min.css\">\t\t<ul class=\"elementor-icon-list-items\">\n\t\t\t\t\t\t\t<li class=\"elementor-icon-list-item\">\n\t\t\t\t\t\t\t\t\t\t\t<span class=\"elementor-icon-list-icon\">\n\t\t\t\t\t\t\t<i aria-hidden=\"true\" class=\"fas fa-map-pin\"><\/i>\t\t\t\t\t\t<\/span>\n\t\t\t\t\t\t\t\t\t\t<span class=\"elementor-icon-list-text\">32 rue de l'Arcade <br>75008 Paris<\/span>\n\t\t\t\t\t\t\t\t\t<\/li>\n\t\t\t\t\t\t<\/ul>\n\t\t\t\t<\/div>\n\t\t\t\t<\/div>\n\t\t\t\t\t<\/div>\n\t\t<\/div>\n\t\t\t\t<div class=\"elementor-column elementor-col-50 elementor-inner-column elementor-element elementor-element-c032a65\" data-id=\"c032a65\" data-element_type=\"column\">\n\t\t\t<div class=\"elementor-widget-wrap elementor-element-populated\">\n\t\t\t\t\t\t<div class=\"elementor-element elementor-element-0723144 elementor-align-center elementor-widget elementor-widget-button\" data-id=\"0723144\" data-element_type=\"widget\" data-widget_type=\"button.default\">\n\t\t\t\t<div class=\"elementor-widget-container\">\n\t\t\t\t\t<div class=\"elementor-button-wrapper icon_align_  \">\n\t\t\t<a class=\"elementor-button elementor-button-link elementor-size-sm\" href=\"mailto:nousrejoindre@affirma.fr?subject=Candidature&#038;body=Signora,%20Signore,%20Vi%20allego%20i%20dati%20della%20mia%20candidatura.%20Cordiali%20saluti\">\n\t\t\t\t\t\t<span class=\"elementor-button-content-wrapper\">\n\t\t\t\t\t\t\t\t\t<span class=\"elementor-button-text\">Candidarsi a<\/span>\n\t\t\t\t\t<\/span>\n\t\t\t\t\t<\/a>\n\t\t<\/div>\n\t\t\t\t<\/div>\n\t\t\t\t<\/div>\n\t\t\t\t\t<\/div>\n\t\t<\/div>\n\t\t\t\t\t<\/div>\n\t\t<\/section>\n\t\t\t\t\t<\/div>\n\t\t<\/div>\n\t\t\t\t<div class=\"elementor-column elementor-col-33 elementor-top-column elementor-element elementor-element-3e36f89\" data-id=\"3e36f89\" data-element_type=\"column\" data-settings=\"{&quot;background_background&quot;:&quot;classic&quot;}\">\n\t\t\t<div class=\"elementor-widget-wrap elementor-element-populated\">\n\t\t\t\t\t\t<div class=\"elementor-element elementor-element-461c1ed elementor-widget elementor-widget-heading\" data-id=\"461c1ed\" data-element_type=\"widget\" data-widget_type=\"heading.default\">\n\t\t\t\t<div class=\"elementor-widget-container\">\n\t\t\t<h3 class=\"elementor-heading-title elementor-size-default\">Apprendista<\/h3>\t\t<\/div>\n\t\t\t\t<\/div>\n\t\t\t\t<div class=\"elementor-element elementor-element-eb2f772 elementor-widget elementor-widget-text-editor\" data-id=\"eb2f772\" data-element_type=\"widget\" data-widget_type=\"text-editor.default\">\n\t\t\t\t<div class=\"elementor-widget-container\">\n\t\t\t\t\t\t\t<p>In una delle seguenti aree:<\/p>\n<ul>\n<li>Contabilit\u00e0<\/li>\n<li>Amministrativo e sociale<\/li>\n<li>Divisione Finanza<\/li>\n<li>Juridique<\/li>\n<\/ul>\n\t\t\t\t\t\t<\/div>\n\t\t\t\t<\/div>\n\t\t\t\t<section class=\"elementor-section elementor-inner-section elementor-element elementor-element-45bb29d elementor-section-boxed elementor-section-height-default elementor-section-height-default\" data-id=\"45bb29d\" data-element_type=\"section\">\n\t\t\t\t\t\t<div class=\"elementor-container elementor-column-gap-default\">\n\t\t\t\t\t<div class=\"elementor-column elementor-col-50 elementor-inner-column elementor-element elementor-element-9902fc6\" data-id=\"9902fc6\" data-element_type=\"column\">\n\t\t\t<div class=\"elementor-widget-wrap elementor-element-populated\">\n\t\t\t\t\t\t<div class=\"elementor-element elementor-element-cadcb62 elementor-icon-list--layout-traditional elementor-list-item-link-full_width elementor-widget elementor-widget-icon-list\" data-id=\"cadcb62\" data-element_type=\"widget\" data-widget_type=\"icon-list.default\">\n\t\t\t\t<div class=\"elementor-widget-container\">\n\t\t\t\t\t<ul class=\"elementor-icon-list-items\">\n\t\t\t\t\t\t\t<li class=\"elementor-icon-list-item\">\n\t\t\t\t\t\t\t\t\t\t\t<span class=\"elementor-icon-list-icon\">\n\t\t\t\t\t\t\t<i aria-hidden=\"true\" class=\"fas fa-map-pin\"><\/i>\t\t\t\t\t\t<\/span>\n\t\t\t\t\t\t\t\t\t\t<span class=\"elementor-icon-list-text\">32 rue de l'Arcade <br>75008 Paris<\/span>\n\t\t\t\t\t\t\t\t\t<\/li>\n\t\t\t\t\t\t<\/ul>\n\t\t\t\t<\/div>\n\t\t\t\t<\/div>\n\t\t\t\t\t<\/div>\n\t\t<\/div>\n\t\t\t\t<div class=\"elementor-column elementor-col-50 elementor-inner-column elementor-element elementor-element-279b2ae\" data-id=\"279b2ae\" data-element_type=\"column\">\n\t\t\t<div class=\"elementor-widget-wrap elementor-element-populated\">\n\t\t\t\t\t\t<div class=\"elementor-element elementor-element-f1c8d03 elementor-align-center elementor-widget elementor-widget-button\" data-id=\"f1c8d03\" data-element_type=\"widget\" data-widget_type=\"button.default\">\n\t\t\t\t<div class=\"elementor-widget-container\">\n\t\t\t\t\t<div class=\"elementor-button-wrapper icon_align_  \">\n\t\t\t<a class=\"elementor-button elementor-button-link elementor-size-sm\" href=\"mailto:nousrejoindre@affirma.fr?subject=Candidature&#038;body=Signore,%20Signore,%20allego%20i%20dettagli%20della%20mia%20candidatura.%20Cordiali%20saluti\">\n\t\t\t\t\t\t<span class=\"elementor-button-content-wrapper\">\n\t\t\t\t\t\t\t\t\t<span class=\"elementor-button-text\">Candidarsi a<\/span>\n\t\t\t\t\t<\/span>\n\t\t\t\t\t<\/a>\n\t\t<\/div>\n\t\t\t\t<\/div>\n\t\t\t\t<\/div>\n\t\t\t\t\t<\/div>\n\t\t<\/div>\n\t\t\t\t\t<\/div>\n\t\t<\/section>\n\t\t\t\t\t<\/div>\n\t\t<\/div>\n\t\t\t\t<div class=\"elementor-column elementor-col-33 elementor-top-column elementor-element elementor-element-690b6a2\" data-id=\"690b6a2\" data-element_type=\"column\">\n\t\t\t<div class=\"elementor-widget-wrap\">\n\t\t\t\t\t\t\t<\/div>\n\t\t<\/div>\n\t\t\t\t\t<\/div>\n\t\t<\/section>\n\t\t\t\t<\/div>\n\t\t","protected":false},"excerpt":{"rendered":"<p>Date un nuovo impulso alla vostra carriera entrando a far parte di Affirma. In Affirma le competenze, la motivazione e la voglia di imparare sono pi\u00f9 importanti degli anni di esperienza. Se sei alla ricerca di un&#8217;opportunit\u00e0, non esitare a inviare il tuo CV e ti risponderemo al pi\u00f9 presto! Siamo regolarmente alla ricerca di<\/p>\n","protected":false},"author":4,"featured_media":0,"parent":0,"menu_order":0,"comment_status":"closed","ping_status":"closed","template":"","meta":{"footnotes":""},"class_list":["post-10107","page","type-page","status-publish","hentry"],"yoast_head":"<!-- This site is optimized with the Yoast SEO plugin v23.0 - https:\/\/yoast.com\/wordpress\/plugins\/seo\/ -->\n<title>Unisciti a noi - AFFIRMA<\/title>\n<meta name=\"description\" content=\"Unisciti a noi; Date un nuovo impulso alla vostra carriera entrando a far parte di Affirma. In Affirma, sono le nostre competenze, la nostra motivazione\" \/>\n<meta name=\"robots\" content=\"index, follow, max-snippet:-1, max-image-preview:large, max-video-preview:-1\" \/>\n<link rel=\"canonical\" href=\"https:\/\/affirma.fr\/it\/unisciti-a-noi\/\" \/>\n<meta property=\"og:locale\" content=\"it_IT\" \/>\n<meta property=\"og:type\" content=\"article\" \/>\n<meta property=\"og:title\" content=\"Unisciti a noi - AFFIRMA\" \/>\n<meta property=\"og:description\" content=\"Unisciti a noi; Date un nuovo impulso alla vostra carriera entrando a far parte di Affirma. In Affirma, sono le nostre competenze, la nostra motivazione\" \/>\n<meta property=\"og:url\" content=\"https:\/\/affirma.fr\/it\/unisciti-a-noi\/\" \/>\n<meta property=\"og:site_name\" content=\"AFFIRMA\" \/>\n<meta property=\"article:modified_time\" content=\"2024-06-21T13:07:29+00:00\" \/>\n<meta name=\"twitter:card\" content=\"summary_large_image\" \/>\n<meta name=\"twitter:label1\" content=\"Tempo di lettura stimato\" \/>\n\t<meta name=\"twitter:data1\" content=\"1 minuto\" \/>\n<script type=\"application\/ld+json\" class=\"yoast-schema-graph\">{\"@context\":\"https:\/\/schema.org\",\"@graph\":[{\"@type\":\"WebPage\",\"@id\":\"https:\/\/affirma.fr\/it\/unisciti-a-noi\/\",\"url\":\"https:\/\/affirma.fr\/it\/unisciti-a-noi\/\",\"name\":\"Unisciti a noi - AFFIRMA\",\"isPartOf\":{\"@id\":\"https:\/\/affirma.fr\/it\/#website\"},\"datePublished\":\"2023-07-25T13:54:43+00:00\",\"dateModified\":\"2024-06-21T13:07:29+00:00\",\"description\":\"Unisciti a noi; Date un nuovo impulso alla vostra carriera entrando a far parte di Affirma. In Affirma, sono le nostre competenze, la nostra motivazione\",\"breadcrumb\":{\"@id\":\"https:\/\/affirma.fr\/it\/unisciti-a-noi\/#breadcrumb\"},\"inLanguage\":\"it-IT\",\"potentialAction\":[{\"@type\":\"ReadAction\",\"target\":[\"https:\/\/affirma.fr\/it\/unisciti-a-noi\/\"]}]},{\"@type\":\"BreadcrumbList\",\"@id\":\"https:\/\/affirma.fr\/it\/unisciti-a-noi\/#breadcrumb\",\"itemListElement\":[{\"@type\":\"ListItem\",\"position\":1,\"name\":\"Accueil\",\"item\":\"https:\/\/affirma.fr\/it\/\"},{\"@type\":\"ListItem\",\"position\":2,\"name\":\"Unisciti a noi\"}]},{\"@type\":\"WebSite\",\"@id\":\"https:\/\/affirma.fr\/it\/#website\",\"url\":\"https:\/\/affirma.fr\/it\/\",\"name\":\"AFFIRMA\",\"description\":\"EXPERTISE COMPTABLE &amp; COMMISSARIAT AUX COMPTES\",\"publisher\":{\"@id\":\"https:\/\/affirma.fr\/it\/#organization\"},\"potentialAction\":[{\"@type\":\"SearchAction\",\"target\":{\"@type\":\"EntryPoint\",\"urlTemplate\":\"https:\/\/affirma.fr\/it\/?s={search_term_string}\"},\"query-input\":\"required name=search_term_string\"}],\"inLanguage\":\"it-IT\"},{\"@type\":\"Organization\",\"@id\":\"https:\/\/affirma.fr\/it\/#organization\",\"name\":\"AFFIRMA\",\"url\":\"https:\/\/affirma.fr\/it\/\",\"logo\":{\"@type\":\"ImageObject\",\"inLanguage\":\"it-IT\",\"@id\":\"https:\/\/affirma.fr\/it\/#\/schema\/logo\/image\/\",\"url\":\"https:\/\/affirma.fr\/wp-content\/uploads\/2015\/10\/cropped-AFFIRMA_logo-vectorise.png\",\"contentUrl\":\"https:\/\/affirma.fr\/wp-content\/uploads\/2015\/10\/cropped-AFFIRMA_logo-vectorise.png\",\"width\":248,\"height\":248,\"caption\":\"AFFIRMA\"},\"image\":{\"@id\":\"https:\/\/affirma.fr\/it\/#\/schema\/logo\/image\/\"},\"sameAs\":[\"https:\/\/www.linkedin.com\/company\/affirma\/\"]}]}<\/script>\n<!-- \/ Yoast SEO plugin. -->","yoast_head_json":{"title":"Unisciti a noi - AFFIRMA","description":"Unisciti a noi; Date un nuovo impulso alla vostra carriera entrando a far parte di Affirma. In Affirma, sono le nostre competenze, la nostra motivazione","robots":{"index":"index","follow":"follow","max-snippet":"max-snippet:-1","max-image-preview":"max-image-preview:large","max-video-preview":"max-video-preview:-1"},"canonical":"https:\/\/affirma.fr\/it\/unisciti-a-noi\/","og_locale":"it_IT","og_type":"article","og_title":"Unisciti a noi - AFFIRMA","og_description":"Unisciti a noi; Date un nuovo impulso alla vostra carriera entrando a far parte di Affirma. In Affirma, sono le nostre competenze, la nostra motivazione","og_url":"https:\/\/affirma.fr\/it\/unisciti-a-noi\/","og_site_name":"AFFIRMA","article_modified_time":"2024-06-21T13:07:29+00:00","twitter_card":"summary_large_image","twitter_misc":{"Tempo di lettura stimato":"1 minuto"},"schema":{"@context":"https:\/\/schema.org","@graph":[{"@type":"WebPage","@id":"https:\/\/affirma.fr\/it\/unisciti-a-noi\/","url":"https:\/\/affirma.fr\/it\/unisciti-a-noi\/","name":"Unisciti a noi - AFFIRMA","isPartOf":{"@id":"https:\/\/affirma.fr\/it\/#website"},"datePublished":"2023-07-25T13:54:43+00:00","dateModified":"2024-06-21T13:07:29+00:00","description":"Unisciti a noi; Date un nuovo impulso alla vostra carriera entrando a far parte di Affirma. In Affirma, sono le nostre competenze, la nostra motivazione","breadcrumb":{"@id":"https:\/\/affirma.fr\/it\/unisciti-a-noi\/#breadcrumb"},"inLanguage":"it-IT","potentialAction":[{"@type":"ReadAction","target":["https:\/\/affirma.fr\/it\/unisciti-a-noi\/"]}]},{"@type":"BreadcrumbList","@id":"https:\/\/affirma.fr\/it\/unisciti-a-noi\/#breadcrumb","itemListElement":[{"@type":"ListItem","position":1,"name":"Accueil","item":"https:\/\/affirma.fr\/it\/"},{"@type":"ListItem","position":2,"name":"Unisciti a noi"}]},{"@type":"WebSite","@id":"https:\/\/affirma.fr\/it\/#website","url":"https:\/\/affirma.fr\/it\/","name":"AFFIRMA","description":"EXPERTISE COMPTABLE &amp; COMMISSARIAT AUX COMPTES","publisher":{"@id":"https:\/\/affirma.fr\/it\/#organization"},"potentialAction":[{"@type":"SearchAction","target":{"@type":"EntryPoint","urlTemplate":"https:\/\/affirma.fr\/it\/?s={search_term_string}"},"query-input":"required name=search_term_string"}],"inLanguage":"it-IT"},{"@type":"Organization","@id":"https:\/\/affirma.fr\/it\/#organization","name":"AFFIRMA","url":"https:\/\/affirma.fr\/it\/","logo":{"@type":"ImageObject","inLanguage":"it-IT","@id":"https:\/\/affirma.fr\/it\/#\/schema\/logo\/image\/","url":"https:\/\/affirma.fr\/wp-content\/uploads\/2015\/10\/cropped-AFFIRMA_logo-vectorise.png","contentUrl":"https:\/\/affirma.fr\/wp-content\/uploads\/2015\/10\/cropped-AFFIRMA_logo-vectorise.png","width":248,"height":248,"caption":"AFFIRMA"},"image":{"@id":"https:\/\/affirma.fr\/it\/#\/schema\/logo\/image\/"},"sameAs":["https:\/\/www.linkedin.com\/company\/affirma\/"]}]}},"_links":{"self":[{"href":"https:\/\/affirma.fr\/it\/wp-json\/wp\/v2\/pages\/10107"}],"collection":[{"href":"https:\/\/affirma.fr\/it\/wp-json\/wp\/v2\/pages"}],"about":[{"href":"https:\/\/affirma.fr\/it\/wp-json\/wp\/v2\/types\/page"}],"author":[{"embeddable":true,"href":"https:\/\/affirma.fr\/it\/wp-json\/wp\/v2\/users\/4"}],"replies":[{"embeddable":true,"href":"https:\/\/affirma.fr\/it\/wp-json\/wp\/v2\/comments?post=10107"}],"version-history":[{"count":2,"href":"https:\/\/affirma.fr\/it\/wp-json\/wp\/v2\/pages\/10107\/revisions"}],"predecessor-version":[{"id":10110,"href":"https:\/\/affirma.fr\/it\/wp-json\/wp\/v2\/pages\/10107\/revisions\/10110"}],"wp:attachment":[{"href":"https:\/\/affirma.fr\/it\/wp-json\/wp\/v2\/media?parent=10107"}],"curies":[{"name":"wp","href":"https:\/\/api.w.org\/{rel}","templated":true}]}}