{"id":10067,"date":"2022-11-04T17:53:26","date_gmt":"2022-11-04T16:53:26","guid":{"rendered":"https:\/\/affirma.fr\/informazioni-legali\/"},"modified":"2022-11-04T17:53:26","modified_gmt":"2022-11-04T16:53:26","slug":"informazioni-legali","status":"publish","type":"page","link":"https:\/\/affirma.fr\/it\/informazioni-legali\/","title":{"rendered":"Informazioni legali"},"content":{"rendered":"<p>In conformit\u00e0 alle disposizioni degli articoli 6-III e 19 della legge n. 2004-575 del 21 giugno 2004 per la fiducia nell&#8217;economia digitale, nota come L.C.E.N., portiamo all&#8217;attenzione degli utenti e dei visitatori del sito: <a href=\"https:\/\/www.affirma.fr\/\" target=\"_blank\" rel=\"noreferrer noopener\">www.affirma.fr<\/a> le seguenti informazioni:<\/p>\n<h2><strong>EDITORE<\/strong><\/h2>\n<p><a href=\"https:\/\/www.affirma.fr\/\" target=\"_blank\" rel=\"noreferrer noopener\">Il sito web www.affirma.fr<\/a> <strong>\u00e8 di propriet\u00e0 esclusiva di EURL<\/strong> <strong>Affirma, che lo pubblica.<\/strong><\/p>\n<p><strong>Affirma<\/strong><strong> <\/strong><br \/><strong>EURL <\/strong>con capitale di<strong> <\/strong><strong>1000 <\/strong>\u20acTel:<strong>0142601554<\/strong><\/p>\n<p>32 rue de l&#8217;Arcade 75008 Paris<br \/>Immatricolata al Registre du Commerce et des Soci\u00e9t\u00e9s de <strong>Parigi <\/strong>sous le num\u00e9ro<strong> <\/strong><strong>53128127700016<\/strong><strong> <\/strong><\/p>\n<p>Partita IVA :<strong>FR80531281277<\/strong><br \/>Indirizzo del corriere elettronico : <strong>contact@affirma.fr<\/strong> <\/p>\n<p>Direttore della pubblicazione : <strong>Affirma<\/strong><br \/>Contattare il responsabile della pubblicazione: <strong>contact@affirma.fr<\/strong><\/p>\n<h2><strong>ALLOGGIO<\/strong><\/h2>\n<p>Il sito \u00e8 ospitato da <strong>OVH 2 rue Kellermann 59100 Roubaix<\/strong><\/p>\n<h2><strong>DESCRIZIONE DEI SERVIZI FORNITI<\/strong><\/h2>\n<p>Lo scopo del sito <a href=\"https:\/\/www.affirma.fr\/\" target=\"_blank\" rel=\"noreferrer noopener\">www.affirma.fr<\/a> \u00e8 quello di fornire informazioni su tutte le attivit\u00e0 dell&#8217;azienda. Le proprietaire du site s&#8217;efforce de fournir sur le site <a href=\"https:\/\/www.affirma.fr\/\" target=\"_blank\" rel=\"noreferrer noopener\">www.affirma.fr<\/a> informazioni pi\u00f9 precise possibili. Tuttavia, non pu\u00f2 essere ritenuta responsabile di eventuali omissioni, inesattezze o mancati aggiornamenti delle informazioni, siano essi causati da essa stessa o da partner terzi che forniscono le informazioni. Tutte le informazioni offerte sul sito <a href=\"https:\/\/www.affirma.fr\/\" target=\"_blank\" rel=\"noreferrer noopener\">www.affirma.fr<\/a> sono forniti solo a scopo informativo, non sono esaustivi e sono soggetti a modifiche. I dati vengono forniti con riserva di eventuali modifiche apportate dopo la loro messa online. <\/p>\n<h2><strong>PROPRIET\u00c0 INTELLETTUALE E CONTRAFFAZIONE<\/strong><\/h2>\n<p>Il proprietario del sito \u00e8 titolare dei diritti di propriet\u00e0 intellettuale o detiene i diritti d&#8217;uso su tutti gli elementi accessibili sul sito, in particolare i testi, le immagini, la grafica, i loghi, le icone, i suoni, il software. Qualsiasi riproduzione, rappresentazione, modifica, pubblicazione, adattamento totale o parziale degli elementi del sito, qualunque sia il mezzo o il processo utilizzato, \u00e8 vietato, salvo autorizzazione scritta preliminare con l&#8217;indirizzo e-mail: contact@affirma.fr . Qualsiasi utilizzo non autorizzato del sito o di uno qualsiasi degli elementi in esso contenuti sar\u00e0 considerato come una violazione e sar\u00e0 perseguito in conformit\u00e0 alle disposizioni degli articoli L.335-2 e seguenti del Codice della Propriet\u00e0 Intellettuale francese. <\/p>\n<h2><strong>LINK IPERTESTUALI E COOKIE<\/strong><\/h2>\n<p>Il sito <a href=\"https:\/\/www.affirma.fr\/\" target=\"_blank\" rel=\"noreferrer noopener\">www.affirma.fr<\/a> contiene una serie di collegamenti ipertestuali ad altri siti (partner, informazioni, ecc.) creati con l&#8217;autorizzazione del proprietario del sito. Tuttavia, il proprietario del sito non ha la possibilit\u00e0 di controllare il contenuto dei siti cos\u00ec visitati e declina pertanto ogni responsabilit\u00e0 per eventuali rischi di contenuti illeciti. Gli utenti sono informati che durante le loro visite al sito <a href=\"https:\/\/www.affirma.fr\/\" target=\"_blank\" rel=\"noreferrer noopener\">www.affirma.fr<\/a>, uno o pi\u00f9 cookie potrebbero essere installati automaticamente sul vostro computer. Un cookie \u00e8 un piccolo file che non consente di identificare l&#8217;utente, ma che registra informazioni relative alla navigazione di un computer su un sito. I dati cos\u00ec ottenuti hanno lo scopo di facilitare la successiva navigazione del sito e vengono utilizzati anche per misurare il numero di visitatori. \u00c8 possibile impostare il proprio browser in modo da essere avvisati quando si riceve un cookie e, se lo si desidera, rifiutarlo, come descritto al seguente indirizzo: www.cnil.fr Il rifiuto di installare un cookie pu\u00f2 comportare l&#8217;impossibilit\u00e0 di accedere a determinati servizi. Tuttavia, gli utenti possono configurare il proprio computer come segue per rifiutare l&#8217;installazione dei cookie: Internet Explorer: scheda Strumenti \/ Opzioni Internet. Fare clic su Riservatezza e scegliere Blocca tutti i cookie. Fare clic su OK per confermare. In Netscape: scheda modifica \/ preferenze. Cliccare su Avanzate e scegliere Disattiva cookie. Fare clic su OK per confermare. <\/p>\n<h2><strong>PROTEGGERE PERSONE E BENI &#8211; GESTIRE I DATI PERSONALI<\/strong><\/h2>\n<p>Utente: l&#8217;utente di Internet che si collega e utilizza il sito di cui sopra: <a href=\"https:\/\/www.affirma.fr\/\" target=\"_blank\" rel=\"noreferrer noopener\">www.affirma.fr<\/a> In Francia, i dati personali sono protetti dalla legge n. 78-87 del 6 gennaio 1978, dalla legge n. 2004-801 del 6 agosto 2004, dall&#8217;articolo L. 226-13 del Codice penale e dalla Direttiva europea del 24 ottobre 1995.<\/p>\n<p>Sul sito <a href=\"https:\/\/www.affirma.fr\/\" target=\"_blank\" rel=\"noreferrer noopener\">www.affirma.fr<\/a>, il proprietario del sito raccoglie informazioni personali relative all&#8217;utente solo per la necessit\u00e0 di alcuni servizi offerti dal sito.e <a href=\"https:\/\/www.affirma.fr\/\" target=\"_blank\" rel=\"noreferrer noopener\">www.affirma.fr<\/a>. Gli utenti forniscono queste informazioni con cognizione di causa, in particolare quando le inseriscono loro stessi. Agli utenti del sito <a href=\"https:\/\/www.affirma.fr\/\" target=\"_blank\" rel=\"noreferrer noopener\">www.affirma.fr<\/a> viene quindi detto se sono tenuti o meno a fornire queste informazioni. Conformemente alle disposizioni degli articoli 38 e seguenti della legge francese sulla protezione dei dati personali 78-17 del 6 gennaio 1978, tutti gli utenti hanno il diritto di accedere, rettificare, cancellare e opporsi ai dati personali che li riguardano. Per esercitare questo diritto, inviare la richiesta a <a href=\"https:\/\/www.affirma.fr\/\" target=\"_blank\" rel=\"noreferrer noopener\">www.affirma.fr<\/a> via e-mail: e-mail del webmaster o inviando una richiesta scritta e firmata, accompagnata da una copia del documento d&#8217;identit\u00e0 con firma del titolare del documento, specificando l&#8217;indirizzo a cui inviare la risposta.<\/p>\n<p>Nessuna informazione personale sull&#8217;utente del sito <a href=\"https:\/\/www.affirma.fr\/\" target=\"_blank\" rel=\"noreferrer noopener\">www.affirma.fr<\/a> \u00e8 pubblicato all&#8217;insaputa dell&#8217;utente, scambiato, trasferito o venduto su qualsiasi supporto a terzi. Solo la possibilit\u00e0 di acquistare il sito <a href=\"https:\/\/www.affirma.fr\/\" target=\"_blank\" rel=\"noreferrer noopener\">www.affirma.fr<\/a> al proprietario del sito e i suoi diritti consentirebbero la trasmissione di tali informazioni all&#8217;eventuale acquirente che sarebbe a sua volta tenuto allo stesso obbligo di conservazione e modifica dei dati rispetto all&#8217;utente del sito. <a href=\"https:\/\/www.affirma.fr\/\" target=\"_blank\" rel=\"noreferrer noopener\">www.affirma.fr<\/a>.<\/p>\n<p>Il sito web <a href=\"https:\/\/www.affirma.fr\/\" target=\"_blank\" rel=\"noreferrer noopener\">www.affirma.fr<\/a> \u00e8 conforme al RGPD vedi la nostra politica RGPD <a href=\"https:\/\/affirma.fr\/politique-de-confidentialite\/\">https:\/\/affirma.fr\/politique-de-confidentialite\/<\/a>.<\/p>\n<p>Le banche dati sono protette dalle disposizioni della legge del 1\u00b0 luglio 1998 che recepisce la direttiva 96\/9 dell&#8217;11 marzo 1996 sulla tutela giuridica delle banche dati.<\/p>\n","protected":false},"excerpt":{"rendered":"<p>In conformit\u00e0 alle disposizioni degli articoli 6-III e 19 della legge n. 2004-575 del 21 giugno 2004 per la fiducia nell&#8217;economia digitale, nota come L.C.E.N., portiamo all&#8217;attenzione degli utenti e dei visitatori del sito: www.affirma.fr le seguenti informazioni: EDITORE Il sito web www.affirma.fr \u00e8 di propriet\u00e0 esclusiva di EURL Affirma, che lo pubblica. Affirma EURL<\/p>\n","protected":false},"author":3,"featured_media":0,"parent":0,"menu_order":0,"comment_status":"closed","ping_status":"closed","template":"","meta":{"footnotes":""},"class_list":["post-10067","page","type-page","status-publish","hentry"],"yoast_head":"<!-- This site is optimized with the Yoast SEO plugin v23.0 - https:\/\/yoast.com\/wordpress\/plugins\/seo\/ -->\n<title>Informazioni legali - AFFIRMA<\/title>\n<meta name=\"description\" content=\"Informazioni legali\" \/>\n<meta name=\"robots\" content=\"index, follow, max-snippet:-1, max-image-preview:large, max-video-preview:-1\" \/>\n<link rel=\"canonical\" href=\"https:\/\/affirma.fr\/it\/informazioni-legali\/\" \/>\n<meta property=\"og:locale\" content=\"it_IT\" \/>\n<meta property=\"og:type\" content=\"article\" \/>\n<meta property=\"og:title\" content=\"Informazioni legali - AFFIRMA\" \/>\n<meta property=\"og:description\" content=\"Informazioni legali\" \/>\n<meta property=\"og:url\" content=\"https:\/\/affirma.fr\/it\/informazioni-legali\/\" \/>\n<meta property=\"og:site_name\" content=\"AFFIRMA\" \/>\n<meta name=\"twitter:card\" content=\"summary_large_image\" \/>\n<meta name=\"twitter:label1\" content=\"Tempo di lettura stimato\" \/>\n\t<meta name=\"twitter:data1\" content=\"4 minuti\" \/>\n<script type=\"application\/ld+json\" class=\"yoast-schema-graph\">{\"@context\":\"https:\/\/schema.org\",\"@graph\":[{\"@type\":\"WebPage\",\"@id\":\"https:\/\/affirma.fr\/it\/informazioni-legali\/\",\"url\":\"https:\/\/affirma.fr\/it\/informazioni-legali\/\",\"name\":\"Informazioni legali - AFFIRMA\",\"isPartOf\":{\"@id\":\"https:\/\/affirma.fr\/it\/#website\"},\"datePublished\":\"2022-11-04T16:53:26+00:00\",\"dateModified\":\"2022-11-04T16:53:26+00:00\",\"description\":\"Informazioni legali\",\"breadcrumb\":{\"@id\":\"https:\/\/affirma.fr\/it\/informazioni-legali\/#breadcrumb\"},\"inLanguage\":\"it-IT\",\"potentialAction\":[{\"@type\":\"ReadAction\",\"target\":[\"https:\/\/affirma.fr\/it\/informazioni-legali\/\"]}]},{\"@type\":\"BreadcrumbList\",\"@id\":\"https:\/\/affirma.fr\/it\/informazioni-legali\/#breadcrumb\",\"itemListElement\":[{\"@type\":\"ListItem\",\"position\":1,\"name\":\"Accueil\",\"item\":\"https:\/\/affirma.fr\/it\/\"},{\"@type\":\"ListItem\",\"position\":2,\"name\":\"Informazioni legali\"}]},{\"@type\":\"WebSite\",\"@id\":\"https:\/\/affirma.fr\/it\/#website\",\"url\":\"https:\/\/affirma.fr\/it\/\",\"name\":\"AFFIRMA\",\"description\":\"EXPERTISE COMPTABLE &amp; COMMISSARIAT AUX COMPTES\",\"publisher\":{\"@id\":\"https:\/\/affirma.fr\/it\/#organization\"},\"potentialAction\":[{\"@type\":\"SearchAction\",\"target\":{\"@type\":\"EntryPoint\",\"urlTemplate\":\"https:\/\/affirma.fr\/it\/?s={search_term_string}\"},\"query-input\":\"required name=search_term_string\"}],\"inLanguage\":\"it-IT\"},{\"@type\":\"Organization\",\"@id\":\"https:\/\/affirma.fr\/it\/#organization\",\"name\":\"AFFIRMA\",\"url\":\"https:\/\/affirma.fr\/it\/\",\"logo\":{\"@type\":\"ImageObject\",\"inLanguage\":\"it-IT\",\"@id\":\"https:\/\/affirma.fr\/it\/#\/schema\/logo\/image\/\",\"url\":\"https:\/\/affirma.fr\/wp-content\/uploads\/2015\/10\/cropped-AFFIRMA_logo-vectorise.png\",\"contentUrl\":\"https:\/\/affirma.fr\/wp-content\/uploads\/2015\/10\/cropped-AFFIRMA_logo-vectorise.png\",\"width\":248,\"height\":248,\"caption\":\"AFFIRMA\"},\"image\":{\"@id\":\"https:\/\/affirma.fr\/it\/#\/schema\/logo\/image\/\"},\"sameAs\":[\"https:\/\/www.linkedin.com\/company\/affirma\/\"]}]}<\/script>\n<!-- \/ Yoast SEO plugin. -->","yoast_head_json":{"title":"Informazioni legali - AFFIRMA","description":"Informazioni legali","robots":{"index":"index","follow":"follow","max-snippet":"max-snippet:-1","max-image-preview":"max-image-preview:large","max-video-preview":"max-video-preview:-1"},"canonical":"https:\/\/affirma.fr\/it\/informazioni-legali\/","og_locale":"it_IT","og_type":"article","og_title":"Informazioni legali - AFFIRMA","og_description":"Informazioni legali","og_url":"https:\/\/affirma.fr\/it\/informazioni-legali\/","og_site_name":"AFFIRMA","twitter_card":"summary_large_image","twitter_misc":{"Tempo di lettura stimato":"4 minuti"},"schema":{"@context":"https:\/\/schema.org","@graph":[{"@type":"WebPage","@id":"https:\/\/affirma.fr\/it\/informazioni-legali\/","url":"https:\/\/affirma.fr\/it\/informazioni-legali\/","name":"Informazioni legali - AFFIRMA","isPartOf":{"@id":"https:\/\/affirma.fr\/it\/#website"},"datePublished":"2022-11-04T16:53:26+00:00","dateModified":"2022-11-04T16:53:26+00:00","description":"Informazioni legali","breadcrumb":{"@id":"https:\/\/affirma.fr\/it\/informazioni-legali\/#breadcrumb"},"inLanguage":"it-IT","potentialAction":[{"@type":"ReadAction","target":["https:\/\/affirma.fr\/it\/informazioni-legali\/"]}]},{"@type":"BreadcrumbList","@id":"https:\/\/affirma.fr\/it\/informazioni-legali\/#breadcrumb","itemListElement":[{"@type":"ListItem","position":1,"name":"Accueil","item":"https:\/\/affirma.fr\/it\/"},{"@type":"ListItem","position":2,"name":"Informazioni legali"}]},{"@type":"WebSite","@id":"https:\/\/affirma.fr\/it\/#website","url":"https:\/\/affirma.fr\/it\/","name":"AFFIRMA","description":"EXPERTISE COMPTABLE &amp; COMMISSARIAT AUX COMPTES","publisher":{"@id":"https:\/\/affirma.fr\/it\/#organization"},"potentialAction":[{"@type":"SearchAction","target":{"@type":"EntryPoint","urlTemplate":"https:\/\/affirma.fr\/it\/?s={search_term_string}"},"query-input":"required name=search_term_string"}],"inLanguage":"it-IT"},{"@type":"Organization","@id":"https:\/\/affirma.fr\/it\/#organization","name":"AFFIRMA","url":"https:\/\/affirma.fr\/it\/","logo":{"@type":"ImageObject","inLanguage":"it-IT","@id":"https:\/\/affirma.fr\/it\/#\/schema\/logo\/image\/","url":"https:\/\/affirma.fr\/wp-content\/uploads\/2015\/10\/cropped-AFFIRMA_logo-vectorise.png","contentUrl":"https:\/\/affirma.fr\/wp-content\/uploads\/2015\/10\/cropped-AFFIRMA_logo-vectorise.png","width":248,"height":248,"caption":"AFFIRMA"},"image":{"@id":"https:\/\/affirma.fr\/it\/#\/schema\/logo\/image\/"},"sameAs":["https:\/\/www.linkedin.com\/company\/affirma\/"]}]}},"_links":{"self":[{"href":"https:\/\/affirma.fr\/it\/wp-json\/wp\/v2\/pages\/10067"}],"collection":[{"href":"https:\/\/affirma.fr\/it\/wp-json\/wp\/v2\/pages"}],"about":[{"href":"https:\/\/affirma.fr\/it\/wp-json\/wp\/v2\/types\/page"}],"author":[{"embeddable":true,"href":"https:\/\/affirma.fr\/it\/wp-json\/wp\/v2\/users\/3"}],"replies":[{"embeddable":true,"href":"https:\/\/affirma.fr\/it\/wp-json\/wp\/v2\/comments?post=10067"}],"version-history":[{"count":0,"href":"https:\/\/affirma.fr\/it\/wp-json\/wp\/v2\/pages\/10067\/revisions"}],"wp:attachment":[{"href":"https:\/\/affirma.fr\/it\/wp-json\/wp\/v2\/media?parent=10067"}],"curies":[{"name":"wp","href":"https:\/\/api.w.org\/{rel}","templated":true}]}}